{"id":795,"date":"2023-01-26T16:53:49","date_gmt":"2023-01-26T16:53:49","guid":{"rendered":"https:\/\/www.lagom-academy.eu\/privacy-policy\/"},"modified":"2025-05-06T14:56:33","modified_gmt":"2025-05-06T14:56:33","slug":"privacy-policy","status":"publish","type":"page","link":"https:\/\/www.lagom-academy.eu\/pt\/privacy-policy\/","title":{"rendered":"Impress\u00e3o e responsabilidade"},"content":{"rendered":"\n<h2 class=\"wp-block-heading\">Quem somos<\/h2>\n\n\n\n<div style=\"height:20px\" aria-hidden=\"true\" class=\"wp-block-spacer\"><\/div>\n\n\n\n<p>A Lagom European Healthy Lifestyle Academy \u00e9 uma marca registada da empresa portuguesa de impacto social Lagom Health Innovations Lda. O nosso objetivo de impacto \u00e9 que mais pessoas tenham um estilo de vida saud\u00e1vel e equilibrado. Para isso, formamos e ligamos uma comunidade mundial de mentores de estilos de vida saud\u00e1veis.<\/p>\n\n\n\n<div style=\"height:20px\" aria-hidden=\"true\" class=\"wp-block-spacer\"><\/div>\n\n\n\n<p><strong>LAGOM Health Innovations, Lda.<\/strong><br>Avenida dos Combatentes, no. 33, 4, frente<br>2460-039 Alcoba\u00e7a<br>Portugal<\/p>\n\n\n\n<p><strong>Diretor Executivo I Contacto<\/strong><br>Marco Clemente<br><a href=\"mailto:lagom.health.innovations@gmail.com\" target=\"_blank\" rel=\"noopener\" title=\"\">lagom.health.innovations@gmail.com<\/a><\/p>\n\n\n\n<p><strong>N\u00famero de identifica\u00e7\u00e3o da entidade jur\u00eddica<\/strong><br>516870289<\/p>\n\n\n\n<div style=\"height:55px\" aria-hidden=\"true\" class=\"wp-block-spacer\"><\/div>\n\n\n\n<h2 class=\"wp-block-heading\">Responsabilidade civil<\/h2>\n\n\n\n<div style=\"height:30px\" aria-hidden=\"true\" class=\"wp-block-spacer\"><\/div>\n\n\n\n<p><strong>Responsabilidade pelo conte\u00fado<\/strong><br>Na qualidade de prestador de servi\u00e7os, somos respons\u00e1veis pelos pr\u00f3prios conte\u00fados nestas p\u00e1ginas, de acordo com as leis gerais. No entanto, enquanto prestador de servi\u00e7os, n\u00e3o somos obrigados a controlar as informa\u00e7\u00f5es externas transmitidas ou armazenadas ou a investigar circunst\u00e2ncias que indiquem actividades ilegais. As obriga\u00e7\u00f5es de remover ou bloquear a utiliza\u00e7\u00e3o de informa\u00e7\u00f5es ao abrigo da lei geral n\u00e3o s\u00e3o afectadas. No entanto, uma responsabilidade a este respeito s\u00f3 \u00e9 poss\u00edvel a partir da data de conhecimento de uma infra\u00e7\u00e3o espec\u00edfica. Ap\u00f3s a notifica\u00e7\u00e3o de viola\u00e7\u00f5es adequadas, removeremos imediatamente esse conte\u00fado.<\/p>\n\n\n\n<p><strong>Responsabilidade pelas liga\u00e7\u00f5es<\/strong><br>A nossa oferta cont\u00e9m liga\u00e7\u00f5es para s\u00edtios Web externos de terceiros, sobre cujos conte\u00fados n\u00e3o temos qualquer influ\u00eancia. Por conseguinte, n\u00e3o podemos assumir qualquer responsabilidade por estes conte\u00fados externos. O respetivo fornecedor ou operador das p\u00e1ginas \u00e9 sempre respons\u00e1vel pelo conte\u00fado das p\u00e1ginas ligadas. As p\u00e1ginas ligadas foram verificadas quanto a poss\u00edveis viola\u00e7\u00f5es legais no momento da liga\u00e7\u00e3o. N\u00e3o foram detectados conte\u00fados ilegais no momento da liga\u00e7\u00e3o. No entanto, um controlo permanente do conte\u00fado das p\u00e1ginas ligadas n\u00e3o \u00e9 razo\u00e1vel sem provas concretas de uma infra\u00e7\u00e3o. Em caso de notifica\u00e7\u00e3o de infrac\u00e7\u00f5es, removeremos imediatamente essas liga\u00e7\u00f5es.<\/p>\n\n\n\n<p><strong>Responsabilidade pela tutoria<\/strong><br>Todas as informa\u00e7\u00f5es e artigos do curso foram preparados por profissionais de sa\u00fade e educa\u00e7\u00e3o qualificados e respons\u00e1veis. Baseiam-se em provas cient\u00edficas e conhecimentos t\u00e9cnicos, bem como numa experi\u00eancia pr\u00e1tica de longa data. No entanto, deve ser entendido que todos os conte\u00fados se destinam a profissionais de sa\u00fade pr\u00e9-qualificados e licenciados que tenham conclu\u00eddo uma forma\u00e7\u00e3o reconhecida no sector da sa\u00fade. Os nossos conte\u00fados n\u00e3o se destinam explicitamente a leitores n\u00e3o qualificados, que podem n\u00e3o ser capazes de basear as suas avalia\u00e7\u00f5es na forma\u00e7\u00e3o profissional pr\u00e9via no dom\u00ednio da sa\u00fade ou podem mesmo interpretar erradamente informa\u00e7\u00f5es isoladas sem contexto relevante. Partimos do princ\u00edpio de que os profissionais de sa\u00fade pr\u00e9-qualificados possuem as compet\u00eancias e os conhecimentos necess\u00e1rios para avaliar a nossa informa\u00e7\u00e3o e classific\u00e1-la corretamente, tendo em conta as suas pr\u00f3prias compet\u00eancias, conhecimentos e experi\u00eancia profissionais e respeitando devidamente as circunst\u00e2ncias pessoais de cada um dos seus clientes. Cada formando deve assumir toda a responsabilidade por quaisquer riscos e consequ\u00eancias que estejam envolvidos no apoio aos seus clientes como mentores de estilos de vida saud\u00e1veis. Paralelamente, aconselhamos os mentores a celebrarem acordos de mentoria espec\u00edficos com os seus clientes, que descrevam o seu papel de os apoiar na consecu\u00e7\u00e3o dos seus pr\u00f3prios objectivos de estilo de vida saud\u00e1vel. \u00c9 necess\u00e1rio que fique claro que cada cliente \u00e9 respons\u00e1vel pela sua pr\u00f3pria sa\u00fade e bem-estar. Todas as decis\u00f5es, escolhas, ac\u00e7\u00f5es e resultados decorrentes de uma rela\u00e7\u00e3o de tutoria s\u00e3o da responsabilidade do cliente.<\/p>\n\n\n\n<p><strong>Direitos de autor<\/strong><br>Os conte\u00fados e obras destas p\u00e1ginas criados pelos operadores do s\u00edtio est\u00e3o sujeitos \u00e0 legisla\u00e7\u00e3o portuguesa em mat\u00e9ria de direitos de autor. A reprodu\u00e7\u00e3o, processamento, distribui\u00e7\u00e3o e qualquer tipo de explora\u00e7\u00e3o fora dos limites dos direitos de autor requerem o consentimento escrito do respetivo autor ou criador. Os downloads e c\u00f3pias deste s\u00edtio s\u00e3o apenas para uso privado e n\u00e3o comercial. Na medida em que os conte\u00fados deste s\u00edtio n\u00e3o tenham sido criados pelo operador, s\u00e3o considerados os direitos de autor de terceiros. Em particular, os conte\u00fados de terceiros est\u00e3o assinalados como tal. Se, mesmo assim, tiver conhecimento de uma viola\u00e7\u00e3o de direitos de autor, solicitamos que nos envie uma nota. Ap\u00f3s a notifica\u00e7\u00e3o de viola\u00e7\u00f5es, removeremos imediatamente esses conte\u00fados.<\/p>\n\n\n\n<p><strong>Notas<\/strong><\/p>\n\n\n\n<p>As pol\u00edticas acima referidas aplicam-se apenas ao conte\u00fado dos nossos servidores. N\u00e3o incluem quaisquer s\u00edtios Web ligados ao nosso s\u00edtio. <strong>Importante<\/strong>: Esta \u00e9 uma vers\u00e3o traduzida da pol\u00edtica. Por favor, consulte a vers\u00e3o em ingl\u00eas como o texto oficial e juridicamente vinculativo.<\/p>\n\n\n\n<div style=\"height:44px\" aria-hidden=\"true\" class=\"wp-block-spacer\"><\/div>\n\n\n\n<h2 class=\"wp-block-heading\">Resolu\u00e7\u00e3o de lit\u00edgios em linha na UE<\/h2>\n\n\n\n<p>A Comiss\u00e3o Europeia disponibiliza uma plataforma para a resolu\u00e7\u00e3o de lit\u00edgios em linha (RLL): <a href=\"http:\/\/ec.europa.eu\/consumers\/odr\" target=\"_blank\" rel=\"noreferrer noopener\">http:\/\/ec.europa.eu\/consumers\/odr<\/a><\/p>\n","protected":false},"excerpt":{"rendered":"<p>Quem somos A Lagom European Healthy Lifestyle Academy \u00e9 uma marca registada da empresa portuguesa de impacto social Lagom Health Innovations Lda. O nosso objetivo de impacto \u00e9 que mais pessoas tenham um estilo de vida saud\u00e1vel e equilibrado. Para isso, formamos e ligamos uma comunidade mundial de mentores de estilos de vida saud\u00e1veis. LAGOM [&hellip;]<\/p>\n","protected":false},"author":2,"featured_media":0,"parent":0,"menu_order":3,"comment_status":"closed","ping_status":"open","template":"","meta":{"inline_featured_image":false,"footnotes":""},"class_list":["post-795","page","type-page","status-publish","hentry"],"aioseo_notices":[],"_links":{"self":[{"href":"https:\/\/www.lagom-academy.eu\/pt\/wp-json\/wp\/v2\/pages\/795","targetHints":{"allow":["GET"]}}],"collection":[{"href":"https:\/\/www.lagom-academy.eu\/pt\/wp-json\/wp\/v2\/pages"}],"about":[{"href":"https:\/\/www.lagom-academy.eu\/pt\/wp-json\/wp\/v2\/types\/page"}],"author":[{"embeddable":true,"href":"https:\/\/www.lagom-academy.eu\/pt\/wp-json\/wp\/v2\/users\/2"}],"replies":[{"embeddable":true,"href":"https:\/\/www.lagom-academy.eu\/pt\/wp-json\/wp\/v2\/comments?post=795"}],"version-history":[{"count":2,"href":"https:\/\/www.lagom-academy.eu\/pt\/wp-json\/wp\/v2\/pages\/795\/revisions"}],"predecessor-version":[{"id":1940,"href":"https:\/\/www.lagom-academy.eu\/pt\/wp-json\/wp\/v2\/pages\/795\/revisions\/1940"}],"wp:attachment":[{"href":"https:\/\/www.lagom-academy.eu\/pt\/wp-json\/wp\/v2\/media?parent=795"}],"curies":[{"name":"wp","href":"https:\/\/api.w.org\/{rel}","templated":true}]}}