{"id":787,"date":"2023-02-02T17:38:07","date_gmt":"2023-02-02T17:38:07","guid":{"rendered":"https:\/\/www.lagom-academy.eu\/cookies-policy\/"},"modified":"2025-05-06T14:56:02","modified_gmt":"2025-05-06T14:56:02","slug":"cookies-policy","status":"publish","type":"page","link":"https:\/\/www.lagom-academy.eu\/pt\/cookies-policy\/","title":{"rendered":"Pol\u00edtica de prote\u00e7\u00e3o de dados e de cookies"},"content":{"rendered":"\n<p><strong>Prote\u00e7\u00e3o de dados<\/strong><\/p>\n\n\n\n<p>A Lagom European Healthy Lifestyle Academy, representada pela Lagom Health Innovations &#8211; de agora em diante designada por &#8220;n\u00f3s&#8221; &#8211; enquanto operadores destas p\u00e1ginas, leva muito a s\u00e9rio a prote\u00e7\u00e3o dos seus dados pessoais. Tratamos os seus dados pessoais de forma confidencial e de acordo com os regulamentos legais de prote\u00e7\u00e3o de dados e com esta pol\u00edtica de privacidade. A utiliza\u00e7\u00e3o de partes do nosso s\u00edtio Web \u00e9 geralmente poss\u00edvel sem fornecer informa\u00e7\u00f5es pessoais. Na medida em que nas nossas p\u00e1ginas s\u00e3o recolhidos dados pessoais (por exemplo, nome, morada ou endere\u00e7os de correio eletr\u00f3nico), isso acontece, na medida do poss\u00edvel, de forma volunt\u00e1ria. Estes dados n\u00e3o ser\u00e3o divulgados a terceiros sem o seu consentimento expl\u00edcito. Tenha em aten\u00e7\u00e3o que a transmiss\u00e3o de dados atrav\u00e9s da Internet (por exemplo, ao comunicar por correio eletr\u00f3nico) pode ter vulnerabilidades de seguran\u00e7a. N\u00e3o \u00e9 poss\u00edvel uma prote\u00e7\u00e3o completa dos dados contra o acesso de terceiros.<\/p>\n\n\n\n<p><strong>Biscoitos<\/strong><\/p>\n\n\n\n<p>As p\u00e1ginas da Internet utilizam parcialmente os chamados cookies. Os cookies n\u00e3o danificam o seu computador e n\u00e3o cont\u00eam v\u00edrus. Os cookies servem para tornar a nossa oferta mais f\u00e1cil de utilizar, eficaz e segura. Os cookies s\u00e3o pequenos ficheiros de texto que s\u00e3o armazenados no seu computador e guardados pelo seu browser. A maior parte dos cookies que utilizamos s\u00e3o os chamados &#8220;cookies de sess\u00e3o&#8221;. Estes s\u00e3o automaticamente eliminados ap\u00f3s a sua visita. Outros cookies permanecem armazenados no seu dispositivo at\u00e9 que os apague. Estes cookies permitem-nos reconhecer o seu navegador na pr\u00f3xima vez que o visitar. Pode configurar o seu browser de modo a ser informado sobre a configura\u00e7\u00e3o de cookies e permitir cookies apenas em casos individuais, a aceita\u00e7\u00e3o de cookies para determinados casos ou, de um modo geral, excluir e ativar a elimina\u00e7\u00e3o autom\u00e1tica de cookies ao fechar o browser. No entanto, a desativa\u00e7\u00e3o dos cookies pode limitar a funcionalidade deste s\u00edtio Web.<\/p>\n\n\n\n<p>Se deixar um coment\u00e1rio no nosso site, pode optar por guardar o seu nome, endere\u00e7o de correio eletr\u00f3nico e s\u00edtio Web nos cookies. Estes s\u00e3o para sua conveni\u00eancia, para que n\u00e3o tenha de preencher os seus dados novamente quando deixar outro coment\u00e1rio. Estes cookies duram normalmente um ano. Se visitar a nossa p\u00e1gina de in\u00edcio de sess\u00e3o, definiremos um cookie tempor\u00e1rio para determinar se o seu browser aceita cookies. Este cookie n\u00e3o cont\u00e9m dados pessoais e \u00e9 eliminado quando o utilizador fecha o browser. Quando iniciar sess\u00e3o, tamb\u00e9m configuraremos v\u00e1rios cookies para guardar as suas informa\u00e7\u00f5es de in\u00edcio de sess\u00e3o e as suas op\u00e7\u00f5es de visualiza\u00e7\u00e3o do ecr\u00e3. Os cookies de in\u00edcio de sess\u00e3o duram normalmente dois dias e os cookies de op\u00e7\u00f5es de ecr\u00e3 duram normalmente um ano. Se selecionar &#8220;Lembrar-me&#8221;, o seu in\u00edcio de sess\u00e3o persistir\u00e1 normalmente durante duas semanas. Se terminar a sess\u00e3o na sua conta, os cookies de in\u00edcio de sess\u00e3o ser\u00e3o removidos. Se editar ou publicar um artigo, ser\u00e1 guardado um cookie adicional no seu browser. Este cookie n\u00e3o inclui dados pessoais e indica simplesmente o ID de publica\u00e7\u00e3o do artigo que acabou de editar. Expira ao fim de 1 dia.<\/p>\n\n\n\n<a href=\"#\" class=\"cmplz-show-banner\">Manage your cookie preferences by clicking here.<\/a>\n\n\n\n<p><\/p>\n\n\n\n<p><\/p>\n\n\n\n<p><strong>Coment\u00e1rios<\/strong><\/p>\n\n\n\n<p>Se deixar um coment\u00e1rio, o coment\u00e1rio e os seus metadados s\u00e3o mantidos indefinidamente. Isto \u00e9 para que possamos reconhecer e aprovar automaticamente quaisquer coment\u00e1rios subsequentes, em vez de os mantermos numa fila de modera\u00e7\u00e3o. Os coment\u00e1rios dos visitantes tamb\u00e9m podem ser enviados e verificados atrav\u00e9s de um servi\u00e7o autom\u00e1tico de dete\u00e7\u00e3o de spam.<\/p>\n\n\n\n<p>Isto significa que, quando os visitantes deixam coment\u00e1rios no s\u00edtio, recolhemos os dados apresentados no formul\u00e1rio de coment\u00e1rios, bem como o endere\u00e7o IP do visitante e a cadeia de agentes do utilizador do browser para ajudar na dete\u00e7\u00e3o de spam. Uma cadeia an\u00f3nima criada a partir do seu endere\u00e7o de correio eletr\u00f3nico (tamb\u00e9m designada por hash) pode ser fornecida ao servi\u00e7o Gravatar para verificar se o utilizador o est\u00e1 a utilizar. A pol\u00edtica de privacidade do servi\u00e7o Gravatar est\u00e1 dispon\u00edvel aqui: https:\/\/automattic.com\/privacy\/. Ap\u00f3s a aprova\u00e7\u00e3o do seu coment\u00e1rio, a sua imagem de perfil fica vis\u00edvel para o p\u00fablico no contexto do seu coment\u00e1rio.<\/p>\n\n\n\n<p>Note-se que, se carregar imagens para o s\u00edtio Web, deve evitar carregar imagens com dados de localiza\u00e7\u00e3o incorporados (EXIF GPS). Os visitantes do s\u00edtio Web podem descarregar e extrair quaisquer dados de localiza\u00e7\u00e3o das imagens no s\u00edtio Web.<\/p>\n\n\n\n<p><strong>Ficheiros de registo do servidor<\/strong><\/p>\n\n\n\n<p>Como fornecedor das p\u00e1ginas, recolhemos e armazenamos automaticamente informa\u00e7\u00f5es nos chamados ficheiros de registo do servidor, que o seu browser nos transmite automaticamente. Estes s\u00e3o:<\/p>\n\n\n\n<ul class=\"wp-block-list\">\n<li>Tipo de navegador e vers\u00e3o do navegador<\/li>\n\n\n\n<li>Sistema operativo utilizado<\/li>\n\n\n\n<li>Referrer URL<\/li>\n\n\n\n<li>Nome do anfitri\u00e3o do computador de acesso<\/li>\n\n\n\n<li>Hora do pedido do servidor<\/li>\n<\/ul>\n\n\n\n<p>Estes dados n\u00e3o podem ser atribu\u00eddos a pessoas espec\u00edficas. N\u00e3o ser\u00e1 efectuada uma fus\u00e3o destes dados com outras fontes de dados. Reservamo-nos o direito de verificar estes dados retrospetivamente, se tivermos conhecimento de indica\u00e7\u00f5es espec\u00edficas de utiliza\u00e7\u00e3o ilegal.<\/p>\n\n\n\n<p><strong>Formul\u00e1rios de contacto<\/strong><\/p>\n\n\n\n<p>Se nos enviar pedidos de informa\u00e7\u00e3o atrav\u00e9s dos nossos formul\u00e1rios de contacto, os seus dados do formul\u00e1rio de pedido de informa\u00e7\u00e3o, incluindo os dados de contacto que forneceu, ser\u00e3o guardados para processar o pedido e em caso de perguntas subsequentes. No entanto, n\u00e3o partilharemos estas informa\u00e7\u00f5es sem o seu consentimento.<\/p>\n\n\n\n<p><strong>Registo de conta<\/strong><\/p>\n\n\n\n<p>Para os utilizadores que se registam no nosso s\u00edtio Web, tamb\u00e9m guardamos as informa\u00e7\u00f5es pessoais que fornecem no seu perfil de utilizador. Todos os utilizadores podem ver, editar ou eliminar as suas informa\u00e7\u00f5es pessoais em qualquer altura (exceto em determinados casos em que n\u00e3o podem alterar o seu nome de utilizador). Os administradores do s\u00edtio Web tamb\u00e9m podem ver e editar essas informa\u00e7\u00f5es. Se solicitar uma reposi\u00e7\u00e3o da palavra-passe, o seu endere\u00e7o IP ser\u00e1 inclu\u00eddo no e-mail de reposi\u00e7\u00e3o. Se o utilizador carregar imagens para o s\u00edtio Web, deve evitar carregar imagens com dados de localiza\u00e7\u00e3o incorporados (EXIF GPS). Os visitantes do s\u00edtio Web podem descarregar e extrair quaisquer dados de localiza\u00e7\u00e3o das imagens no s\u00edtio Web.<\/p>\n\n\n\n<p><strong>Dados do boletim informativo<\/strong><\/p>\n\n\n\n<p>Se pretender receber o boletim informativo oferecido no s\u00edtio Web, solicitamos o seu endere\u00e7o de correio eletr\u00f3nico, bem como informa\u00e7\u00f5es que nos permitam verificar se \u00e9 o propriet\u00e1rio do endere\u00e7o de correio eletr\u00f3nico especificado e se concorda em receber o boletim informativo. N\u00e3o s\u00e3o recolhidos outros dados. Utilizamos estes dados exclusivamente para o envio das informa\u00e7\u00f5es solicitadas e n\u00e3o os transmitimos a terceiros. O consentimento concedido para o armazenamento dos dados, o endere\u00e7o de correio eletr\u00f3nico e a sua utiliza\u00e7\u00e3o para o envio da newsletter pode ser revogado em qualquer altura, por exemplo, atrav\u00e9s da liga\u00e7\u00e3o &#8220;cancelar a subscri\u00e7\u00e3o&#8221; na newsletter.<\/p>\n\n\n\n<p><strong>Conte\u00fado incorporado<\/strong><\/p>\n\n\n\n<p>Alguns artigos deste s\u00edtio podem incluir conte\u00fados incorporados (por exemplo, v\u00eddeos, imagens, artigos, etc.). O conte\u00fado incorporado de outros s\u00edtios Web comporta-se exatamente da mesma forma como se o visitante tivesse visitado o outro s\u00edtio Web. Tenha em aten\u00e7\u00e3o que estes s\u00edtios Web podem recolher dados sobre si, utilizar cookies, incorporar rastreio adicional de terceiros e monitorizar a sua intera\u00e7\u00e3o com esse conte\u00fado incorporado, incluindo o rastreio da sua intera\u00e7\u00e3o com o conte\u00fado incorporado se tiver uma conta e estiver ligado a esse s\u00edtio Web.<\/p>\n\n\n\n<p><strong>Pol\u00edtica de privacidade para a utiliza\u00e7\u00e3o do Google Analytics<\/strong><\/p>\n\n\n\n<p>Este s\u00edtio Web utiliza fun\u00e7\u00f5es do servi\u00e7o de an\u00e1lise da Web Google Analytics. O fornecedor \u00e9 a Google Inc., 1600 Amphitheater Parkway Mountain View, CA 94043, EUA. O Google Analytics utiliza os chamados &#8220;cookies&#8221;. Estes s\u00e3o ficheiros de texto que s\u00e3o armazenados no seu computador e que permitem uma an\u00e1lise da utiliza\u00e7\u00e3o do s\u00edtio Web pelo utilizador. A informa\u00e7\u00e3o gerada pelo cookie sobre a sua utiliza\u00e7\u00e3o deste s\u00edtio Web \u00e9 normalmente transmitida para um servidor da Google nos EUA e a\u00ed armazenada. Para mais informa\u00e7\u00f5es sobre o tratamento dos dados do utilizador no Google Analytics, consulte a Pol\u00edtica de Privacidade da Google: <a href=\"https:\/\/support.google.com\/analytics\/answer\/6004245?hl=en\" target=\"_blank\" rel=\"noreferrer noopener\">https:\/\/support.google.com\/analytics\/answer\/6004245?hl=en<\/a><\/p>\n\n\n\n<p><strong>Plugin do navegador<\/strong><\/p>\n\n\n\n<p>Pode impedir o armazenamento de cookies atrav\u00e9s de uma defini\u00e7\u00e3o correspondente do seu software de navega\u00e7\u00e3o; no entanto, tenha em aten\u00e7\u00e3o que, se o fizer, poder\u00e1 n\u00e3o conseguir utilizar todas as funcionalidades deste s\u00edtio Web da forma mais completa poss\u00edvel. Al\u00e9m disso, pode impedir a recolha pela Google dos dados gerados pelo cookie e relacionados com a sua utiliza\u00e7\u00e3o do s\u00edtio Web (incluindo o seu endere\u00e7o IP), bem como o processamento destes dados pela Google, descarregando o plug-in do navegador dispon\u00edvel na seguinte liga\u00e7\u00e3o e instalando-o:<a href=\"https:\/\/tools.google.com\/dlpage\/gaoptout?hl=en\" target=\"_blank\" rel=\"noreferrer noopener\">https:\/\/tools.google.com\/dlpage\/gaoptout?hl=en<\/a><\/p>\n\n\n\n<p><strong>Oposi\u00e7\u00e3o \u00e0 recolha de dados<\/strong><\/p>\n\n\n\n<p>Pode impedir a recolha dos seus dados pelo Google Analytics clicando na seguinte liga\u00e7\u00e3o. Ser\u00e1 definido um cookie de exclus\u00e3o que impede a recolha dos seus dados em futuras visitas a este s\u00edtio Web. Desativar o Google Analytics em https:\/\/tools.google.com\/dlpage\/gaoptout?hl=en<\/p>\n\n\n\n<p><strong>Pol\u00edtica de privacidade do Facebook<\/strong><\/p>\n\n\n\n<p>Nas nossas p\u00e1ginas est\u00e3o integrados plugins da rede social Facebook, fornecidos pela Facebook Inc., 1 Hacker Way, Menlo Park, California 94025, EUA. Os plugins do Facebook podem ser reconhecidos pelo log\u00f3tipo do Facebook ou pelo bot\u00e3o &#8220;Gosto&#8221; (&#8220;Gosto&#8221;) no nosso s\u00edtio. Uma vis\u00e3o geral dos plugins do Facebook pode ser encontrada aqui: <a href=\"http:\/\/developers.facebook.com\/docs\/plugins\" target=\"_blank\" rel=\"noreferrer noopener\">http:\/\/developers.facebook.com\/docs\/plugins<\/a>. Quando visita as nossas p\u00e1ginas, o plugin estabelece uma liga\u00e7\u00e3o direta entre o seu browser e o servidor do Facebook. O Facebook recebe a informa\u00e7\u00e3o de que visitou o nosso s\u00edtio com o seu endere\u00e7o IP. Se clicar no bot\u00e3o &#8220;Gosto&#8221; do Facebook enquanto estiver ligado \u00e0 sua conta do Facebook, pode associar o conte\u00fado das nossas p\u00e1ginas ao seu perfil do Facebook. Consequentemente, o Facebook pode atribuir a visita \u00e0s nossas p\u00e1ginas \u00e0 sua conta de utilizador. Chamamos a aten\u00e7\u00e3o para o facto de n\u00f3s, enquanto fornecedores das p\u00e1ginas, n\u00e3o termos conhecimento do conte\u00fado dos dados transmitidos e da sua utiliza\u00e7\u00e3o pelo Facebook. Para mais informa\u00e7\u00f5es, consulte a Pol\u00edtica de Privacidade do Facebook em http:\/\/facebook.com\/policy.php. Se n\u00e3o pretender que o Facebook associe a sua visita \u00e0s nossas p\u00e1ginas \u00e0 sua conta de utilizador do Facebook, termine sess\u00e3o na sua conta de utilizador do Facebook.<\/p>\n\n\n\n<p><strong>Declara\u00e7\u00e3o de privacidade do LinkedIn<\/strong><\/p>\n\n\n\n<p>Pode encontrar na nossa p\u00e1gina Web plug-ins da rede social LinkedIn ou da LinkedIn Corporation, 2029 Stierlin Court, Mountain View, CA 94043, Estados Unidos (doravante &#8220;LinkedIn&#8221;). Pode reconhecer os plug-ins do LinkedIn atrav\u00e9s do log\u00f3tipo correspondente ou do bot\u00e3o &#8220;Recommend-Button&#8221;. Tenha em aten\u00e7\u00e3o que, quando visita o nosso s\u00edtio Web, o plugin estabelece uma liga\u00e7\u00e3o entre o seu respetivo navegador de Internet e o servidor do LinkedIn. O LinkedIn \u00e9 informado de que o nosso s\u00edtio Web foi visitado atrav\u00e9s do seu endere\u00e7o IP. Se clicar no &#8220;bot\u00e3o Recomendar&#8221; do LinkedIn e, ao mesmo tempo, tiver sess\u00e3o iniciada na sua conta no LinkedIn, tem a possibilidade de ligar conte\u00fados do nosso s\u00edtio Web \u00e0 sua p\u00e1gina de perfil no perfil do LinkedIn. Ao faz\u00ea-lo, permite que o LinkedIn atribua a sua visita ao nosso s\u00edtio Web a si ou \u00e0 sua conta de utilizador. O utilizador deve compreender que n\u00e3o temos qualquer conhecimento do conte\u00fado dos dados enviados e da sua utiliza\u00e7\u00e3o pelo LinkedIn.<\/p>\n\n\n\n<p>Para mais informa\u00e7\u00f5es sobre a recolha de dados e as suas op\u00e7\u00f5es legais, bem como as op\u00e7\u00f5es de defini\u00e7\u00e3o, visite o LinkedIn. Estes est\u00e3o dispon\u00edveis em:<a href=\"https:\/\/www.linkedin.com\/legal\/privacy-policy\" target=\"_blank\" rel=\"noreferrer noopener\">http:\/\/www.linkedin.com\/legal\/privacy-policy<\/a>.<\/p>\n\n\n\n<p><strong>Pol\u00edtica de privacidade do Youtube<\/strong><\/p>\n\n\n\n<p>Este s\u00edtio Web cont\u00e9m pelo menos um plug-in do YouTube, pertencente \u00e0 Google Inc., localizada em San Bruno, Calif\u00f3rnia, EUA. Assim que visitar o nosso s\u00edtio Web com um plug-in do YouTube, ser\u00e1 ligado aos servidores do YouTube. Ao mesmo tempo, o servidor do YouTube ser\u00e1 informado da p\u00e1gina espec\u00edfica da nossa presen\u00e7a na Internet que visitou. Se tamb\u00e9m tiver sess\u00e3o iniciada na sua conta YouTube, o YouTube permitir-lhe-\u00e1 associar a sua experi\u00eancia de navega\u00e7\u00e3o diretamente ao seu perfil pessoal. Pode anular esta possibilidade de mapeamento se terminar primeiro a sess\u00e3o na sua conta. Para mais informa\u00e7\u00f5es sobre a recolha e utiliza\u00e7\u00e3o das suas informa\u00e7\u00f5es pelo YouTube, leia a pol\u00edtica de privacidade em<a href=\"http:\/\/www.google.com\/intl\/en\/policies\/privacy\/\" target=\"_blank\" rel=\"noreferrer noopener\">www.google.com\/intl\/en\/policies\/privacy\/<\/a>.<\/p>\n\n\n\n<p><strong>Pol\u00edtica de privacidade para o Instagram<\/strong><\/p>\n\n\n\n<p>As fun\u00e7\u00f5es do servi\u00e7o Instagram est\u00e3o integradas nas nossas p\u00e1ginas. Estas funcionalidades s\u00e3o fornecidas pela Instagram Inc., 1601 Willow Road, Menlo Park, CA, 94025, Estados Unidos. Se tiver sess\u00e3o iniciada na sua conta Instagram, pode associar o conte\u00fado das nossas p\u00e1ginas ao seu perfil Instagram clicando no bot\u00e3o Instagram. Isto permite ao Instagram associar a visita \u00e0s nossas p\u00e1ginas \u00e0 sua conta de utilizador. Chamamos a aten\u00e7\u00e3o para o facto de n\u00f3s, enquanto fornecedor das p\u00e1ginas, n\u00e3o termos conhecimento do conte\u00fado dos dados transmitidos e da sua utiliza\u00e7\u00e3o pelo Instagram. Para mais informa\u00e7\u00f5es, consulte a Pol\u00edtica de privacidade do Instagram: <a href=\"http:\/\/instagram.com\/about\/legal\/privacy\/\" target=\"_blank\" rel=\"noreferrer noopener\">http:\/\/instagram.com\/about\/legal\/privacy\/<\/a>.<\/p>\n\n\n\n<p><strong>Informa\u00e7\u00e3o, cancelamento, bloqueio<\/strong><\/p>\n\n\n\n<p>Em qualquer altura, tem o direito de solicitar gratuitamente informa\u00e7\u00f5es sobre os seus dados pessoais armazenados, a sua origem e destinat\u00e1rio e a finalidade do tratamento dos dados, bem como o direito de corrigir, bloquear ou apagar esses dados. Para mais informa\u00e7\u00f5es sobre os dados pessoais, pode contactar-nos em qualquer altura para o endere\u00e7o indicado no impresso.<\/p>\n\n\n\n<p>Isto significa que, se tiver uma conta neste s\u00edtio, ou se tiver deixado coment\u00e1rios, pode pedir para receber um ficheiro exportado dos dados pessoais que temos sobre si, incluindo quaisquer dados que nos tenha fornecido. Pode tamb\u00e9m solicitar a elimina\u00e7\u00e3o de quaisquer dados pessoais que tenhamos sobre si. Isto n\u00e3o inclui quaisquer dados que sejamos obrigados a manter para fins administrativos, legais ou de seguran\u00e7a.<\/p>\n\n\n\n<p><strong>E-mails de publicidade de contradi\u00e7\u00e3o<\/strong><\/p>\n\n\n\n<p>A utiliza\u00e7\u00e3o de quaisquer informa\u00e7\u00f5es de contacto publicadas no contexto das obriga\u00e7\u00f5es relacionadas com a marca para efeitos de envio de publicidade n\u00e3o solicitada e materiais informativos \u00e9 rejeitada. Os operadores das p\u00e1ginas reservam-se expressamente o direito de tomar medidas legais em caso de envio n\u00e3o solicitado de informa\u00e7\u00f5es publicit\u00e1rias, tais como correio eletr\u00f3nico n\u00e3o solicitado.<\/p>\n\n\n\n<p><strong>Webmaster<\/strong><\/p>\n\n\n\n<p>LAGOM Health Innovations, Lda.<br>Avenida dos Combatentes, no. 33, 4, frente<br>2460-039 Alcoba\u00e7a<br>Portugal<br><\/p>\n\n\n\n<p><strong>Email de contacto para a prote\u00e7\u00e3o de dados<\/strong><\/p>\n\n\n\n<p>support@lagom-academy.eu<br><\/p>\n\n\n\n<p><strong>Notas<\/strong><\/p>\n\n\n\n<p>As pol\u00edticas acima referidas aplicam-se apenas ao conte\u00fado dos nossos servidores. N\u00e3o incluem quaisquer s\u00edtios Web ligados ao nosso s\u00edtio. <strong>Importante<\/strong>: Esta \u00e9 uma vers\u00e3o traduzida da pol\u00edtica. Por favor, consulte a vers\u00e3o em ingl\u00eas como o texto oficial e juridicamente vinculativo.<\/p>\n","protected":false},"excerpt":{"rendered":"<p>Prote\u00e7\u00e3o de dados A Lagom European Healthy Lifestyle Academy, representada pela Lagom Health Innovations &#8211; de agora em diante designada por &#8220;n\u00f3s&#8221; &#8211; enquanto operadores destas p\u00e1ginas, leva muito a s\u00e9rio a prote\u00e7\u00e3o dos seus dados pessoais. Tratamos os seus dados pessoais de forma confidencial e de acordo com os regulamentos legais de prote\u00e7\u00e3o de [&hellip;]<\/p>\n","protected":false},"author":1,"featured_media":0,"parent":0,"menu_order":0,"comment_status":"closed","ping_status":"closed","template":"","meta":{"inline_featured_image":false,"footnotes":""},"class_list":["post-787","page","type-page","status-publish","hentry"],"aioseo_notices":[],"_links":{"self":[{"href":"https:\/\/www.lagom-academy.eu\/pt\/wp-json\/wp\/v2\/pages\/787","targetHints":{"allow":["GET"]}}],"collection":[{"href":"https:\/\/www.lagom-academy.eu\/pt\/wp-json\/wp\/v2\/pages"}],"about":[{"href":"https:\/\/www.lagom-academy.eu\/pt\/wp-json\/wp\/v2\/types\/page"}],"author":[{"embeddable":true,"href":"https:\/\/www.lagom-academy.eu\/pt\/wp-json\/wp\/v2\/users\/1"}],"replies":[{"embeddable":true,"href":"https:\/\/www.lagom-academy.eu\/pt\/wp-json\/wp\/v2\/comments?post=787"}],"version-history":[{"count":10,"href":"https:\/\/www.lagom-academy.eu\/pt\/wp-json\/wp\/v2\/pages\/787\/revisions"}],"predecessor-version":[{"id":1939,"href":"https:\/\/www.lagom-academy.eu\/pt\/wp-json\/wp\/v2\/pages\/787\/revisions\/1939"}],"wp:attachment":[{"href":"https:\/\/www.lagom-academy.eu\/pt\/wp-json\/wp\/v2\/media?parent=787"}],"curies":[{"name":"wp","href":"https:\/\/api.w.org\/{rel}","templated":true}]}}