{"id":784,"date":"2023-02-03T12:59:47","date_gmt":"2023-02-03T12:59:47","guid":{"rendered":"https:\/\/www.lagom-academy.eu\/healthy-lifestyle-courses-registration\/"},"modified":"2025-05-09T08:03:14","modified_gmt":"2025-05-09T08:03:14","slug":"healthy-lifestyle-courses-registration","status":"publish","type":"page","link":"https:\/\/www.lagom-academy.eu\/pt\/healthy-lifestyle-courses-registration\/","title":{"rendered":"Cursos do Estilo de Vida Saud\u00e1vel I Pr\u00e9-inscri\u00e7\u00e3o"},"content":{"rendered":"\n<div class=\"wpcf7 no-js\" id=\"wpcf7-f1859-o1\" lang=\"pt-PT\" dir=\"ltr\">\n<div class=\"screen-reader-response\"><p role=\"status\" aria-live=\"polite\" aria-atomic=\"true\"><\/p> <ul><\/ul><\/div>\n<form action=\"\/pt\/wp-json\/wp\/v2\/pages\/784#wpcf7-f1859-o1\" method=\"post\" class=\"wpcf7-form init\" aria-label=\"Contact form\" novalidate=\"novalidate\" data-status=\"init\">\n<div style=\"display: none;\">\n<input type=\"hidden\" name=\"_wpcf7\" value=\"1859\" \/>\n<input type=\"hidden\" name=\"_wpcf7_version\" value=\"5.7.3\" \/>\n<input type=\"hidden\" name=\"_wpcf7_locale\" value=\"pt_PT\" \/>\n<input type=\"hidden\" name=\"_wpcf7_unit_tag\" value=\"wpcf7-f1859-o1\" \/>\n<input type=\"hidden\" name=\"_wpcf7_container_post\" value=\"0\" \/>\n<input type=\"hidden\" name=\"_wpcf7_posted_data_hash\" value=\"\" \/>\n<input type=\"hidden\" name=\"_wpcf7_recaptcha_response\" value=\"\" \/>\n<\/div>\n<p><label> Nome<br \/>\n<span class=\"wpcf7-form-control-wrap\" data-name=\"your-name\"><input size=\"40\" class=\"wpcf7-form-control wpcf7-text wpcf7-validates-as-required\" aria-required=\"true\" aria-invalid=\"false\" placeholder=\"O teu nome\" value=\"\" type=\"text\" name=\"your-name\" \/><\/span> <\/label>\n<\/p>\n<p><label> Email<br \/>\n<span class=\"wpcf7-form-control-wrap\" data-name=\"your-email\"><input size=\"40\" class=\"wpcf7-form-control wpcf7-text wpcf7-email wpcf7-validates-as-required wpcf7-validates-as-email\" aria-required=\"true\" aria-invalid=\"false\" placeholder=\"O teu email\" value=\"\" type=\"email\" name=\"your-email\" \/><\/span> <\/label><br \/>\n<label> Curso<br \/>\n<span class=\"wpcf7-form-control-wrap\" data-name=\"courses\"><select class=\"wpcf7-form-control wpcf7-select wpcf7-validates-as-required\" aria-required=\"true\" aria-invalid=\"false\" name=\"courses\"><option value=\"Seleciona um Curso\">Seleciona um Curso<\/option><option value=\"Facilitador do Estilo de Vida Saud\u00e1vel I Curso de Certifica\u00e7\u00e3o\">Facilitador do Estilo de Vida Saud\u00e1vel I Curso de Certifica\u00e7\u00e3o<\/option><option value=\"Mentor do Estilo de Vida Saud\u00e1vel I Curso de Certifica\u00e7\u00e3o\">Mentor do Estilo de Vida Saud\u00e1vel I Curso de Certifica\u00e7\u00e3o<\/option><\/select><\/span><\/label>\n<\/p>\n<p><span class=\"wpcf7-form-control-wrap\" data-name=\"pp\"><span class=\"wpcf7-form-control wpcf7-acceptance\"><span class=\"wpcf7-list-item\"><label><input type=\"checkbox\" name=\"pp\" value=\"1\" aria-invalid=\"false\" \/><span class=\"wpcf7-list-item-label\">Eu li e concordo com a <a href=\"https:\/\/www.lagom-academy.eu\/pt\/cookies-policy\/\" title=\"privacy policy\">pol\u00edtica de privacidade.<\/a><\/span><\/label><\/span><\/span><\/span>\n<\/p>\n<p><input class=\"wpcf7-form-control has-spinner wpcf7-submit\" type=\"submit\" value=\"Enviar pr\u00e9-inscri\u00e7\u00e3o\" \/>\n<\/p><div class=\"wpcf7-response-output\" aria-hidden=\"true\"><\/div>\n<\/form>\n<\/div>\n\n","protected":false},"excerpt":{"rendered":"","protected":false},"author":2,"featured_media":0,"parent":0,"menu_order":0,"comment_status":"closed","ping_status":"closed","template":"pre-register.php","meta":{"inline_featured_image":false,"footnotes":""},"class_list":["post-784","page","type-page","status-publish","hentry"],"aioseo_notices":[],"_links":{"self":[{"href":"https:\/\/www.lagom-academy.eu\/pt\/wp-json\/wp\/v2\/pages\/784","targetHints":{"allow":["GET"]}}],"collection":[{"href":"https:\/\/www.lagom-academy.eu\/pt\/wp-json\/wp\/v2\/pages"}],"about":[{"href":"https:\/\/www.lagom-academy.eu\/pt\/wp-json\/wp\/v2\/types\/page"}],"author":[{"embeddable":true,"href":"https:\/\/www.lagom-academy.eu\/pt\/wp-json\/wp\/v2\/users\/2"}],"replies":[{"embeddable":true,"href":"https:\/\/www.lagom-academy.eu\/pt\/wp-json\/wp\/v2\/comments?post=784"}],"version-history":[{"count":2,"href":"https:\/\/www.lagom-academy.eu\/pt\/wp-json\/wp\/v2\/pages\/784\/revisions"}],"predecessor-version":[{"id":1969,"href":"https:\/\/www.lagom-academy.eu\/pt\/wp-json\/wp\/v2\/pages\/784\/revisions\/1969"}],"wp:attachment":[{"href":"https:\/\/www.lagom-academy.eu\/pt\/wp-json\/wp\/v2\/media?parent=784"}],"curies":[{"name":"wp","href":"https:\/\/api.w.org\/{rel}","templated":true}]}}