{"id":776,"date":"2023-09-27T16:27:32","date_gmt":"2023-09-27T16:27:32","guid":{"rendered":"https:\/\/www.lagom-academy.eu\/lagom-blog\/"},"modified":"2025-03-13T17:28:04","modified_gmt":"2025-03-13T17:28:04","slug":"lagom-blog","status":"publish","type":"page","link":"https:\/\/www.lagom-academy.eu\/pt\/lagom-blog\/","title":{"rendered":"Blogue do Estilo de Vida Saud\u00e1vel"},"content":{"rendered":"\n<p><strong>Queremos que mais pessoas desfrutem de um estilo de vida saud\u00e1vel equilibrado!<\/strong> O nosso blogue do estilo de vida saud\u00e1vel traz-te novas perspetivas e <em>insights<\/em> para l\u00e1 chegares. Os nossos artigos oferecem aos (futuros) mentores do estilo de vida saud\u00e1vel e outros profissionais de sa\u00fade, valiosas informa\u00e7\u00f5es de diversas disciplinas. Mas, na verdade, estes artigos s\u00e3o \u00fateis para qualquer pessoa que procure adotar um estilo de vida saud\u00e1vel equilibrado.<\/p>\n","protected":false},"excerpt":{"rendered":"<p>Queremos que mais pessoas desfrutem de um estilo de vida saud\u00e1vel equilibrado! O nosso blogue do estilo de vida saud\u00e1vel traz-te novas perspetivas e insights para l\u00e1 chegares. Os nossos artigos oferecem aos (futuros) mentores do estilo de vida saud\u00e1vel e outros profissionais de sa\u00fade, valiosas informa\u00e7\u00f5es de diversas disciplinas. Mas, na verdade, estes artigos [&hellip;]<\/p>\n","protected":false},"author":1,"featured_media":0,"parent":0,"menu_order":0,"comment_status":"closed","ping_status":"closed","template":"blog.php","meta":{"inline_featured_image":false,"footnotes":""},"class_list":["post-776","page","type-page","status-publish","hentry"],"aioseo_notices":[],"_links":{"self":[{"href":"https:\/\/www.lagom-academy.eu\/pt\/wp-json\/wp\/v2\/pages\/776","targetHints":{"allow":["GET"]}}],"collection":[{"href":"https:\/\/www.lagom-academy.eu\/pt\/wp-json\/wp\/v2\/pages"}],"about":[{"href":"https:\/\/www.lagom-academy.eu\/pt\/wp-json\/wp\/v2\/types\/page"}],"author":[{"embeddable":true,"href":"https:\/\/www.lagom-academy.eu\/pt\/wp-json\/wp\/v2\/users\/1"}],"replies":[{"embeddable":true,"href":"https:\/\/www.lagom-academy.eu\/pt\/wp-json\/wp\/v2\/comments?post=776"}],"version-history":[{"count":9,"href":"https:\/\/www.lagom-academy.eu\/pt\/wp-json\/wp\/v2\/pages\/776\/revisions"}],"predecessor-version":[{"id":1579,"href":"https:\/\/www.lagom-academy.eu\/pt\/wp-json\/wp\/v2\/pages\/776\/revisions\/1579"}],"wp:attachment":[{"href":"https:\/\/www.lagom-academy.eu\/pt\/wp-json\/wp\/v2\/media?parent=776"}],"curies":[{"name":"wp","href":"https:\/\/api.w.org\/{rel}","templated":true}]}}