{"id":769,"date":"2023-01-27T15:45:21","date_gmt":"2023-01-27T15:45:21","guid":{"rendered":"https:\/\/www.lagom-academy.eu\/healthy-lifestyle-courses\/"},"modified":"2024-12-23T16:28:45","modified_gmt":"2024-12-23T16:28:45","slug":"healthy-lifestyle-courses","status":"publish","type":"page","link":"https:\/\/www.lagom-academy.eu\/pt\/healthy-lifestyle-courses\/","title":{"rendered":"Cursos do Estilo de Vida Saud\u00e1vel"},"content":{"rendered":"\n<p>Junta-te \u00e0 nossa academia do estilo de vida saud\u00e1vel e \u00e0 nossa comunidade global de aprendizagem. Fica a saber como podes apoiar melhor os teus clientes na dire\u00e7\u00e3o de um estilo de vida saud\u00e1vel equilibrado.<\/p>\n\n\n\n<p>Participa nos nossos cursos do estilo de vida saud\u00e1vel e torna-te um(a) Facilitador(a) do Estilo de Vida Saud\u00e1vel. A seguir, certifica-te como Mentor(a) do Estilo de Vida Saud\u00e1vel.<\/p>\n\n\n\n<div class=\"wp-block-buttons is-layout-flex wp-block-buttons-is-layout-flex\">\n<div class=\"wp-block-button arrow-right\"><a class=\"wp-block-button__link wp-element-button\" href=\"https:\/\/www.lagom-academy.eu\/pt\/free-preview\/\">Pr\u00e9-visualiza\u00e7\u00e3o Gratuita do Curso<\/a><\/div>\n<\/div>\n\n\n\n<p><\/p>\n","protected":false},"excerpt":{"rendered":"<p>Junta-te \u00e0 nossa academia do estilo de vida saud\u00e1vel e \u00e0 nossa comunidade global de aprendizagem. Fica a saber como podes apoiar melhor os teus clientes na dire\u00e7\u00e3o de um estilo de vida saud\u00e1vel equilibrado. Participa nos nossos cursos do estilo de vida saud\u00e1vel e torna-te um(a) Facilitador(a) do Estilo de Vida Saud\u00e1vel. A seguir, [&hellip;]<\/p>\n","protected":false},"author":2,"featured_media":0,"parent":0,"menu_order":2,"comment_status":"closed","ping_status":"closed","template":"courses.php","meta":{"inline_featured_image":false,"footnotes":""},"class_list":["post-769","page","type-page","status-publish","hentry"],"aioseo_notices":[],"_links":{"self":[{"href":"https:\/\/www.lagom-academy.eu\/pt\/wp-json\/wp\/v2\/pages\/769","targetHints":{"allow":["GET"]}}],"collection":[{"href":"https:\/\/www.lagom-academy.eu\/pt\/wp-json\/wp\/v2\/pages"}],"about":[{"href":"https:\/\/www.lagom-academy.eu\/pt\/wp-json\/wp\/v2\/types\/page"}],"author":[{"embeddable":true,"href":"https:\/\/www.lagom-academy.eu\/pt\/wp-json\/wp\/v2\/users\/2"}],"replies":[{"embeddable":true,"href":"https:\/\/www.lagom-academy.eu\/pt\/wp-json\/wp\/v2\/comments?post=769"}],"version-history":[{"count":2,"href":"https:\/\/www.lagom-academy.eu\/pt\/wp-json\/wp\/v2\/pages\/769\/revisions"}],"predecessor-version":[{"id":1133,"href":"https:\/\/www.lagom-academy.eu\/pt\/wp-json\/wp\/v2\/pages\/769\/revisions\/1133"}],"wp:attachment":[{"href":"https:\/\/www.lagom-academy.eu\/pt\/wp-json\/wp\/v2\/media?parent=769"}],"curies":[{"name":"wp","href":"https:\/\/api.w.org\/{rel}","templated":true}]}}