{"id":763,"date":"2023-01-27T16:22:06","date_gmt":"2023-01-27T16:22:06","guid":{"rendered":"https:\/\/www.lagom-academy.eu\/about-us\/"},"modified":"2025-04-11T15:56:12","modified_gmt":"2025-04-11T15:56:12","slug":"about-us","status":"publish","type":"page","link":"https:\/\/www.lagom-academy.eu\/pt\/about-us\/","title":{"rendered":"Sobre n\u00f3s"},"content":{"rendered":"\n<div class=\"wp-block-group block-right-image-left-text\"><div class=\"wp-block-group__inner-container is-layout-constrained wp-block-group-is-layout-constrained\">\n<div class=\"wp-block-columns are-vertically-aligned-center block-inner is-layout-flex wp-container-core-columns-is-layout-9d6595d7 wp-block-columns-is-layout-flex\">\n<div class=\"wp-block-column is-vertically-aligned-center left-block is-layout-flow wp-block-column-is-layout-flow\">\n<p class=\"block-title\"><strong>A nossa Vis\u00e3o e Miss\u00e3o<\/strong><\/p>\n\n\n\n<div style=\"height:30px\" aria-hidden=\"true\" class=\"wp-block-spacer\"><\/div>\n\n\n\n<p class=\"block-subtitle\">O nosso objetivo de impacto \u00e9 que mais pessoas possam usufruir de um estilo de vida saud\u00e1vel equilibrado.<\/p>\n\n\n\n<div class=\"wp-block-group text\"><div class=\"wp-block-group__inner-container is-layout-constrained wp-block-group-is-layout-constrained\">\n<p>Para tal, n\u00f3s trabalhamos para criar uma comunidade global de mentores do estilo de vida saud\u00e1vel que possa fazer uma mudan\u00e7a no mundo.<\/p>\n\n\n\n<p>A nossa miss\u00e3o \u00e9 ajudar as pessoas a desenvolverem um estilo de vida saud\u00e1vel, que seja tamb\u00e9m equilibrado e personalizado, indo ao encontro das suas necessidades do momento.<\/p>\n\n\n\n<p>N\u00f3s acreditamos que a mentoria de alta qualidade providenciada por profissionais de sa\u00fade qualificados para esta tarefa espec\u00edfica \u00e9 uma das solu\u00e7\u00f5es-chave para atingirmos o nosso objetivo e cumprirmos a nossa miss\u00e3o.&nbsp;&nbsp;<\/p>\n\n\n\n<p class=\"highlight-text\"><strong>Somos uma academia e uma comunidade para mentores do estilo de vida saud\u00e1vel.<\/strong><\/p>\n\n\n\n<p>Isto significa que treinamos profissionais para serem mentores que compreendem todos os aspetos inerentes a um estilo de vida saud\u00e1vel hol\u00edstico. E tamb\u00e9m os apoiamos no sentido de promoverem a mudan\u00e7a individual e de acompanharem os seus clientes no processo de iniciar ou manter um estilo de vida saud\u00e1vel.<\/p>\n\n\n\n<p>A certifica\u00e7\u00e3o de Facilitador(a) do Estilo de Vida Saud\u00e1vel \u00e9 o primeiro passo.<\/p>\n<\/div><\/div>\n<\/div>\n\n\n\n<div class=\"wp-block-column is-vertically-aligned-center right-block is-layout-flow wp-block-column-is-layout-flow\">\n<figure class=\"wp-block-image size-large\"><a href=\"https:\/\/www.lagom-academy.eu\/wp-content\/uploads\/2024\/02\/Lagom-Health-Innovations-Vision-scaled.jpg\"><img loading=\"lazy\" decoding=\"async\" width=\"1024\" height=\"683\" src=\"https:\/\/www.lagom-academy.eu\/wp-content\/uploads\/2024\/02\/Lagom-Health-Innovations-Vision-1024x683.jpg\" alt=\"\" class=\"wp-image-465\" srcset=\"https:\/\/www.lagom-academy.eu\/wp-content\/uploads\/2024\/02\/Lagom-Health-Innovations-Vision-1024x683.jpg 1024w, https:\/\/www.lagom-academy.eu\/wp-content\/uploads\/2024\/02\/Lagom-Health-Innovations-Vision-300x200.jpg 300w, https:\/\/www.lagom-academy.eu\/wp-content\/uploads\/2024\/02\/Lagom-Health-Innovations-Vision-768x512.jpg 768w, https:\/\/www.lagom-academy.eu\/wp-content\/uploads\/2024\/02\/Lagom-Health-Innovations-Vision-1536x1024.jpg 1536w, https:\/\/www.lagom-academy.eu\/wp-content\/uploads\/2024\/02\/Lagom-Health-Innovations-Vision-2048x1365.jpg 2048w\" sizes=\"auto, (max-width: 1024px) 100vw, 1024px\" \/><\/a><\/figure>\n<\/div>\n<\/div>\n<\/div><\/div>\n\n\n\n<div class=\"wp-block-group block-left-image-right-text\"><div class=\"wp-block-group__inner-container is-layout-constrained wp-block-group-is-layout-constrained\">\n<div class=\"wp-block-columns block-inner is-layout-flex wp-container-core-columns-is-layout-9d6595d7 wp-block-columns-is-layout-flex\">\n<div class=\"wp-block-column is-vertically-aligned-center left-block is-layout-flow wp-block-column-is-layout-flow\">\n<figure class=\"wp-block-image size-large\"><a href=\"https:\/\/www.lagom-academy.eu\/wp-content\/uploads\/2024\/02\/Lagom-founders-scaled.jpg\"><img loading=\"lazy\" decoding=\"async\" width=\"1024\" height=\"768\" src=\"https:\/\/www.lagom-academy.eu\/wp-content\/uploads\/2024\/02\/Lagom-founders-1024x768.jpg\" alt=\"\" class=\"wp-image-464\" srcset=\"https:\/\/www.lagom-academy.eu\/wp-content\/uploads\/2024\/02\/Lagom-founders-1024x768.jpg 1024w, https:\/\/www.lagom-academy.eu\/wp-content\/uploads\/2024\/02\/Lagom-founders-300x225.jpg 300w, https:\/\/www.lagom-academy.eu\/wp-content\/uploads\/2024\/02\/Lagom-founders-768x576.jpg 768w, https:\/\/www.lagom-academy.eu\/wp-content\/uploads\/2024\/02\/Lagom-founders-1536x1152.jpg 1536w, https:\/\/www.lagom-academy.eu\/wp-content\/uploads\/2024\/02\/Lagom-founders-2048x1536.jpg 2048w\" sizes=\"auto, (max-width: 1024px) 100vw, 1024px\" \/><\/a><\/figure>\n<\/div>\n\n\n\n<div class=\"wp-block-column right-block is-layout-flow wp-block-column-is-layout-flow\">\n<p class=\"block-title\"><strong>Quem somos<\/strong><\/p>\n\n\n\n<div style=\"height:30px\" aria-hidden=\"true\" class=\"wp-block-spacer\"><\/div>\n\n\n\n<p class=\"block-subtitle\">Somos uma equipa de profissionais de sa\u00fade e do exerc\u00edcio f\u00edsico dedicados, que partilha o desejo de ajudar as pessoas a desfrutarem de um estilo de vida saud\u00e1vel equilibrado.<\/p>\n\n\n\n<div class=\"wp-block-group text\"><div class=\"wp-block-group__inner-container is-layout-constrained wp-block-group-is-layout-constrained\">\n<p>A Lagom Healthy Lifestyle Academy \u00e9 uma empresa conjunta, luso-alem\u00e3, que disp\u00f5e de uma rede crescente de especialistas da \u00e1rea da sa\u00fade, provenientes de diferentes regi\u00f5es da Europa e diferentes contextos da promo\u00e7\u00e3o da sa\u00fade.<\/p>\n\n\n\n<p>Temos profissionais experientes em fisioterapia, psicologia, ci\u00eancias do desporto, nutri\u00e7\u00e3o, osteopatia e ci\u00eancias sociais, bem como em educa\u00e7\u00e3o, comunica\u00e7\u00e3o, coaching, mentoria e desenvolvimento de comunidades.<\/p>\n\n\n\n<p>Todos encontr\u00e1mos desafios semelhantes no que toca \u00e0 capacidade de suporte dos nossos clientes, no sentido de estes adotarem estilos de vida saud\u00e1veis. E n\u00f3s sabemos o qu\u00e3o dif\u00edcil isto pode ser por experi\u00eancia pr\u00f3pria, dado que tamb\u00e9m n\u00f3s enfrentamos desafios de gest\u00e3o das exig\u00eancias laborais e solicita\u00e7\u00f5es familiares, ou at\u00e9 das circunst\u00e2ncias sociais e ambientais.<\/p>\n\n\n\n<p class=\"highlight-text\">Por isso, sabemos que no que diz respeito \u00e0 mudan\u00e7a, \u00e9 mais f\u00e1cil falar do que fazer. Mas acreditamos que o que estamos a fazer aqui \u00e9 o in\u00edcio da uma mudan\u00e7a!<\/p>\n\n\n\n<p>Assim, estamos em constante procura de profissionais de sa\u00fade que queiram integrar a nossa equipa de mentores do estilo de vida certificados, para que juntos consigamos mudar algo.<\/p>\n<\/div><\/div>\n<\/div>\n<\/div>\n<\/div><\/div>\n\n\n\n<div class=\"wp-block-group block-right-image-left-text\"><div class=\"wp-block-group__inner-container is-layout-constrained wp-block-group-is-layout-constrained\">\n<div class=\"wp-block-columns block-inner is-layout-flex wp-container-core-columns-is-layout-9d6595d7 wp-block-columns-is-layout-flex\">\n<div class=\"wp-block-column left-block is-layout-flow wp-block-column-is-layout-flow\">\n<p class=\"block-title\">Mentoria do Estilo de Vida Saud\u00e1vel como um elemento essencial do Desenvolvimento Sustent\u00e1vel<\/p>\n\n\n\n<div style=\"height:30px\" aria-hidden=\"true\" class=\"wp-block-spacer\"><\/div>\n\n\n\n<p class=\"block-subtitle\">Assegurar vidas saud\u00e1veis e promover bem-estar, assim como providenciar uma educa\u00e7\u00e3o de qualidade, s\u00e3o objetivos expl\u00edcitos do desenvolvimento sustent\u00e1vel. Estes objetivos encontram-se resumidos na Agenda 2030 da Organiza\u00e7\u00e3o das Na\u00e7\u00f5es Unidas.<\/p>\n\n\n\n<div class=\"wp-block-group text\"><div class=\"wp-block-group__inner-container is-layout-constrained wp-block-group-is-layout-constrained\">\n<p>Ao apoiarmos mais pessoas no seu processo de descoberta e usufruto de um estilo de vida saud\u00e1vel equilibrado, e providenciarmos cursos em e-learning de alta qualidade e f\u00e1cil acesso para profissionais de sa\u00fade em todo o mundo, estamos a promover o avan\u00e7o dos ODS3, ODS4 e ODS10, juntamente com outros objetivos interligados.<\/p>\n\n\n\n<div style=\"height:30px\" aria-hidden=\"true\" class=\"wp-block-spacer\"><\/div>\n\n\n\n<div class=\"wp-block-buttons is-layout-flex wp-block-buttons-is-layout-flex\">\n<div class=\"wp-block-button is-style-outline is-style-outline--1\"><a class=\"wp-block-button__link wp-element-button\" href=\"https:\/\/www.un.org\/sustainabledevelopment\/\" target=\"_blank\" rel=\"noreferrer noopener\"><strong>Ler mais acerca dos ODS da ONU<\/strong><\/a><\/div>\n<\/div>\n\n\n\n<div style=\"height:30px\" aria-hidden=\"true\" class=\"wp-block-spacer\"><\/div>\n\n\n\n<p class=\"highlight-text\">Acreditamos que transi\u00e7\u00f5es sociais significativas requerem muitos pequenos passos na dire\u00e7\u00e3o certa. E, muitas vezes, estas come\u00e7am ao n\u00edvel pessoal.<\/p>\n\n\n\n<p>\u00c9 aqui que queremos fazer a nossa pequena contribui\u00e7\u00e3o pessoal. Uma parte deste compromisso \u00e9 o nosso programa de bolsas e subs\u00eddios, o qual procura dar mais apoio \u00e0 democratiza\u00e7\u00e3o do setor da educa\u00e7\u00e3o em sa\u00fade.<\/p>\n\n\n\n<div style=\"height:30px\" aria-hidden=\"true\" class=\"wp-block-spacer\"><\/div>\n\n\n\n<div class=\"wp-block-buttons is-layout-flex wp-block-buttons-is-layout-flex\">\n<div class=\"wp-block-button is-style-outline is-style-outline--2\"><a class=\"wp-block-button__link wp-element-button\" href=\"https:\/\/www.lagom-academy.eu\/pt\/scholarships\/\"><strong>Bolsas Lagom<\/strong><\/a><\/div>\n<\/div>\n\n\n\n<div style=\"height:123px\" aria-hidden=\"true\" class=\"wp-block-spacer\"><\/div>\n<\/div><\/div>\n<\/div>\n\n\n\n<div class=\"wp-block-column is-vertically-aligned-center right-block is-layout-flow wp-block-column-is-layout-flow\">\n<figure class=\"wp-block-image size-large\"><a href=\"https:\/\/www.lagom-academy.eu\/wp-content\/uploads\/2023\/11\/Lagom-healthy-lifestyle_UN-SDG-impact.png\"><img loading=\"lazy\" decoding=\"async\" width=\"1024\" height=\"576\" src=\"https:\/\/www.lagom-academy.eu\/wp-content\/uploads\/2023\/11\/Lagom-healthy-lifestyle_UN-SDG-impact-1024x576.png\" alt=\"Lagom-Academy_healthy-lifestyle_UN-SDG-impact\" class=\"wp-image-344\" srcset=\"https:\/\/www.lagom-academy.eu\/wp-content\/uploads\/2023\/11\/Lagom-healthy-lifestyle_UN-SDG-impact-1024x576.png 1024w, https:\/\/www.lagom-academy.eu\/wp-content\/uploads\/2023\/11\/Lagom-healthy-lifestyle_UN-SDG-impact-300x169.png 300w, https:\/\/www.lagom-academy.eu\/wp-content\/uploads\/2023\/11\/Lagom-healthy-lifestyle_UN-SDG-impact-768x432.png 768w, https:\/\/www.lagom-academy.eu\/wp-content\/uploads\/2023\/11\/Lagom-healthy-lifestyle_UN-SDG-impact-1536x864.png 1536w, https:\/\/www.lagom-academy.eu\/wp-content\/uploads\/2023\/11\/Lagom-healthy-lifestyle_UN-SDG-impact.png 1920w\" sizes=\"auto, (max-width: 1024px) 100vw, 1024px\" \/><\/a><\/figure>\n<\/div>\n<\/div>\n<\/div><\/div>\n","protected":false},"excerpt":{"rendered":"<p>A nossa Vis\u00e3o e Miss\u00e3o O nosso objetivo de impacto \u00e9 que mais pessoas possam usufruir de um estilo de vida saud\u00e1vel equilibrado. Para tal, n\u00f3s trabalhamos para criar uma comunidade global de mentores do estilo de vida saud\u00e1vel que possa fazer uma mudan\u00e7a no mundo. A nossa miss\u00e3o \u00e9 ajudar as pessoas a desenvolverem [&hellip;]<\/p>\n","protected":false},"author":1,"featured_media":0,"parent":0,"menu_order":0,"comment_status":"closed","ping_status":"closed","template":"about.php","meta":{"inline_featured_image":false,"footnotes":""},"class_list":["post-763","page","type-page","status-publish","hentry"],"aioseo_notices":[],"_links":{"self":[{"href":"https:\/\/www.lagom-academy.eu\/pt\/wp-json\/wp\/v2\/pages\/763","targetHints":{"allow":["GET"]}}],"collection":[{"href":"https:\/\/www.lagom-academy.eu\/pt\/wp-json\/wp\/v2\/pages"}],"about":[{"href":"https:\/\/www.lagom-academy.eu\/pt\/wp-json\/wp\/v2\/types\/page"}],"author":[{"embeddable":true,"href":"https:\/\/www.lagom-academy.eu\/pt\/wp-json\/wp\/v2\/users\/1"}],"replies":[{"embeddable":true,"href":"https:\/\/www.lagom-academy.eu\/pt\/wp-json\/wp\/v2\/comments?post=763"}],"version-history":[{"count":7,"href":"https:\/\/www.lagom-academy.eu\/pt\/wp-json\/wp\/v2\/pages\/763\/revisions"}],"predecessor-version":[{"id":1692,"href":"https:\/\/www.lagom-academy.eu\/pt\/wp-json\/wp\/v2\/pages\/763\/revisions\/1692"}],"wp:attachment":[{"href":"https:\/\/www.lagom-academy.eu\/pt\/wp-json\/wp\/v2\/media?parent=763"}],"curies":[{"name":"wp","href":"https:\/\/api.w.org\/{rel}","templated":true}]}}